{"id":7,"date":"2021-11-28T12:55:36","date_gmt":"2021-11-28T11:55:36","guid":{"rendered":"https:\/\/anclademia.com\/terms-of-service\/"},"modified":"2024-10-25T09:07:19","modified_gmt":"2024-10-25T08:07:19","slug":"conditions-dutilisation","status":"publish","type":"page","link":"https:\/\/anclademia.com\/fr\/terms-of-service\/","title":{"rendered":"Termes et conditions"},"content":{"rendered":"<p><strong>1. Propri\u00e9t\u00e9 du site Internet<\/strong>&nbsp;Ce site Internet est la propri\u00e9t\u00e9 de&nbsp;<strong><em>SAIL EXPERIENCE HOLIDAY SL<\/em><\/strong>, si\u00e8ge social Avda Monast\u00e8re de Silos 53 portail G 4A, 28049 Madrid, B87671889, adresse email INFO@SAILEXPERIENCEBCN.COM, enregistr\u00e9 au volume 35219, folio 24, section 8, page 633291. Ce site Web contient des informations commerciales sur des cours et des activit\u00e9s sportives. .<\/p>\n\n\n\n<p><strong>2. Propri\u00e9t\u00e9 intellectuelle du site Internet<\/strong>&nbsp;Tous les droits de propri\u00e9t\u00e9 intellectuelle du contenu de ce site Web et de sa conception graphique sont la propri\u00e9t\u00e9 exclusive de SAIL EXPERIENCE HOLIDAY SL et elle est responsable de l&#039;exercice exclusif des droits d&#039;exploitation. Ainsi, sa reproduction, distribution, communication publique et modification, en tout ou partie, est interdite sans autorisation expresse pr\u00e9alable de SAIL EXPERIENCE HOLIDAY SL De m\u00eame, tous les signes distinctifs, marques, noms commerciaux ou signes de toute nature contenus sur ce site Web. sont prot\u00e9g\u00e9s par la loi.<\/p>\n\n\n\n<p><strong>3. Contenu et liens du site Web<\/strong>&nbsp;VOILE EXPERIENCE HOLIDAY SL. n&#039;est pas responsable de toute utilisation abusive du contenu de son site Web, qui rel\u00e8ve de la responsabilit\u00e9 exclusive de la personne qui y acc\u00e8de ou l&#039;utilise. Il n&#039;assume pas non plus aucune responsabilit\u00e9 quant aux informations contenues sur des sites Web tiers. La pr\u00e9sence de ces liens est \u00e0 titre informatif et ne constitue en aucun cas une invitation \u00e0 contracter des produits ou services susceptibles d&#039;\u00eatre propos\u00e9s sur le site de destination. Dans le cas o\u00f9 SAIL EXPERIENCE HOLIDAY SL a effectivement connaissance que l&#039;activit\u00e9 ou l&#039;information \u00e0 laquelle renvoient ces liens est ill\u00e9gale, constitue un d\u00e9lit ou qu&#039;elle peut nuire \u00e0 la propri\u00e9t\u00e9 ou aux droits de tiers susceptibles d&#039;\u00eatre indemnis\u00e9s, elle agira avec la diligence n\u00e9cessaire pour supprimez ou d\u00e9sactivez le lien correspondant dans les plus brefs d\u00e9lais.<\/p>\n\n\n\n<p><strong>4. Mise \u00e0 jour et modification du site Internet<\/strong>&nbsp;SAIL EXPERIENCE HOLIDAY SL se r\u00e9serve le droit de mettre \u00e0 jour, modifier ou supprimer les informations contenues sur son site Web et sa configuration ou pr\u00e9sentation, \u00e0 tout moment, sans pr\u00e9avis et sans assumer aucun type de responsabilit\u00e9 de ce fait.<\/p>\n\n\n\n<p><strong>5. Informations sur les aspects techniques<\/strong>&nbsp;SAIL EXPERIENCE HOLIDAY SL n&#039;assume aucune responsabilit\u00e9 d\u00e9coulant de probl\u00e8mes techniques ou de pannes de l&#039;\u00e9quipement informatique, survenant lors de la connexion Internet, ou qui pourraient \u00eatre caus\u00e9s par des tiers par le biais d&#039;interf\u00e9rences ill\u00e9gitimes ind\u00e9pendantes de sa volont\u00e9. SAIL EXPERIENCE HOLIDAY SL ne garantit pas l&#039;absence de virus et autres \u00e9l\u00e9ments susceptibles de causer des dommages aux syst\u00e8mes informatiques ou aux documents \u00e9lectroniques pr\u00e9sents sur ce site Web ou sur des sites Web tiers, et n&#039;est pas responsable des dommages qui pourraient survenir pour ces raisons. De m\u00eame, il n&#039;est pas responsable des \u00e9ventuels dommages qui pourraient affecter l&#039;utilisateur du fait d&#039;erreurs, de d\u00e9fauts ou d&#039;omissions dans les informations fournies lorsqu&#039;elles proviennent de sources tierces.<\/p>\n\n\n\n<p><strong>6. L\u00e9gislation applicable et juridiction<\/strong>&nbsp;Les deux parties se soumettent aux cours et tribunaux correspondants, en fonction de la l\u00e9gislation applicable, pour r\u00e9gler tout diff\u00e9rend d\u00e9coulant de l&#039;interpr\u00e9tation et de l&#039;application du pr\u00e9sent contrat. Vous pouvez lire sur nos deux autres pages&nbsp;<strong><a href=\"https:\/\/anclademia.com\/fr\/politica-privacidad-y-cookies\/\">politique de confidentialit\u00e9 et de cookies<\/a>&nbsp;<\/strong>et notre&nbsp;<a href=\"https:\/\/anclademia.com\/fr\/reembolso_devoluciones\/\"><strong>politique de retour<\/strong><\/a>. L&#039;utilisateur peut utiliser un&nbsp;<strong>feuille de r\u00e9clamation<\/strong>&nbsp;facilit\u00e9 par la Generalitat de Catalogne.<\/p>","protected":false},"excerpt":{"rendered":"<p>1. Propri\u00e9t\u00e9 du site Web Ce site Web est la propri\u00e9t\u00e9 de SAIL EXPERIENCE HOLIDAY SL, dont le si\u00e8ge social est situ\u00e9 Avda Monasterio de Silos 53, portail G 4A, 28049 Madrid, B87671889, adresse \u00e9lectronique INFO@SAILEXPERIENCEBCN.COM, enregistr\u00e9e au volume 35219, folio 24, section 8, page 633291. Ce site Web contient des informations commerciales sur les cours et activit\u00e9s sportives. 2. Propri\u00e9t\u00e9\u2026 <a title=\"Termes et conditions\" class=\"read-more\" href=\"https:\/\/anclademia.com\/fr\/terms-of-service\/\" aria-label=\"En savoir plus sur les conditions g\u00e9n\u00e9rales\">Lire la suite<\/a><\/p>","protected":false},"author":1,"featured_media":0,"parent":0,"menu_order":0,"comment_status":"closed","ping_status":"closed","template":"","meta":{"footnotes":""},"class_list":["post-7","page","type-page","status-publish"],"jetpack_sharing_enabled":true,"_links":{"self":[{"href":"https:\/\/anclademia.com\/fr\/wp-json\/wp\/v2\/pages\/7","targetHints":{"allow":["GET"]}}],"collection":[{"href":"https:\/\/anclademia.com\/fr\/wp-json\/wp\/v2\/pages"}],"about":[{"href":"https:\/\/anclademia.com\/fr\/wp-json\/wp\/v2\/types\/page"}],"author":[{"embeddable":true,"href":"https:\/\/anclademia.com\/fr\/wp-json\/wp\/v2\/users\/1"}],"replies":[{"embeddable":true,"href":"https:\/\/anclademia.com\/fr\/wp-json\/wp\/v2\/comments?post=7"}],"version-history":[{"count":0,"href":"https:\/\/anclademia.com\/fr\/wp-json\/wp\/v2\/pages\/7\/revisions"}],"wp:attachment":[{"href":"https:\/\/anclademia.com\/fr\/wp-json\/wp\/v2\/media?parent=7"}],"curies":[{"name":"wp","href":"https:\/\/api.w.org\/{rel}","templated":true}]}}