{"id":3,"date":"2021-11-28T11:51:30","date_gmt":"2021-11-28T11:51:30","guid":{"rendered":"https:\/\/anclademia.com\/?page_id=3"},"modified":"2024-10-25T09:07:28","modified_gmt":"2024-10-25T08:07:28","slug":"politique-de-confidentialite","status":"publish","type":"page","link":"https:\/\/anclademia.com\/fr\/privacy-policy\/","title":{"rendered":"Politique de confidentialit\u00e9 et de cookies"},"content":{"rendered":"<ul class=\"wp-block-list\"><li><strong>Traitement des donn\u00e9es des utilisateurs<\/strong><\/li><\/ul>\n\n\n\n<p><em><strong>SAIL EXPERIENCE HOLIDAY SL inclura dans un fichier les donn\u00e9es fournies par l&#039;utilisateur dans les formulaires et pendant le processus d&#039;achat de tout produit.<\/strong><\/em>&nbsp;qui disposera de toutes les mesures de s\u00e9curit\u00e9 n\u00e9cessaires requises par la r\u00e9glementation en vigueur sur la protection des donn\u00e9es RGPD. SAIL EXPERIENCE HOLIDAY SL ne transf\u00e9rera ni ne communiquera les donn\u00e9es collect\u00e9es \u00e0 des tiers sans le consentement expr\u00e8s pr\u00e9alable de l&#039;utilisateur. Dans le cas o\u00f9 ces donn\u00e9es pourraient \u00eatre vol\u00e9es ou si le site Web pr\u00e9sente une faille de s\u00e9curit\u00e9 pour consid\u00e9rer que cela s&#039;est produit, SAIL EXPERIENCE HOLIDAY SL s&#039;engage \u00e0 informer l&#039;\u00e9tudiant dans les 72 heures afin qu&#039;il puisse d\u00e9cider s&#039;il souhaite supprimer les donn\u00e9es de notre fichier. .&nbsp;<em><strong>Les donn\u00e9es collect\u00e9es par le site Internet sont li\u00e9es aux informations n\u00e9cessaires \u00e0 l&#039;inscription<\/strong><\/em><em><strong>et d\u00e9livrance de titres nautiques.&nbsp;<\/strong><\/em>Concr\u00e8tement, seules les donn\u00e9es relatives \u00e0 l&#039;identification de l&#039;\u00e9tudiant (noms, pr\u00e9noms, adresses et num\u00e9ros d&#039;identification sur la page \u00ab Finaliser la commande \u00bb du processus d&#039;achat) et les donn\u00e9es de pr\u00e9f\u00e9rence pour les cours et autres activit\u00e9s sur cette m\u00eame page sont collect\u00e9es. formulaires pr\u00e9sents sur toutes les pages du site. Les utilisateurs de moins de 16 ans ne doivent fournir leurs donn\u00e9es qu&#039;avec le consentement de leurs parents ou tuteurs l\u00e9gaux. Notre site Web peut contenir des liens vers d&#039;autres pages. Nous ne sommes pas responsables du traitement de vos donn\u00e9es sur ces sites Internet tiers ni de leur respect des dispositions en mati\u00e8re de protection des donn\u00e9es. Veuillez prendre en compte les informations sur la protection des donn\u00e9es qu\u2019ils fournissent.&nbsp;<strong><em>Les donn\u00e9es collect\u00e9es par le site Internet seront conserv\u00e9es ind\u00e9finiment \u00e0 des fins informatives et commerciales uniquement pour les produits et services nautiques de l&#039;entreprise.<\/em>&nbsp;<\/strong>Concr\u00e8tement, il est essentiel de sauvegarder les donn\u00e9es personnelles pour pouvoir informer l&#039;utilisateur de l&#039;\u00e9tat actuel de son parcours acad\u00e9mique, des changements de r\u00e9glementation, des nouveaux services nautiques et d&#039;autres actualit\u00e9s qui l&#039;int\u00e9ressent en tant que dipl\u00f4m\u00e9 ou utilisateur nautique. Lorsque l&#039;utilisateur fournit ses donn\u00e9es via notre adresse e-mail ou notre formulaire de contact, il autorise express\u00e9ment SAIL EXPERIENCE HOLIDAY SL \u00e0 conserver et traiter ind\u00e9finiment ses donn\u00e9es personnelles afin de r\u00e9pondre \u00e0 ses demandes de service ou \u00e0 ses requ\u00eates et, si vous vous abonnez \u00e0 nos newsletters, d&#039;envoyer vous fournir des informations relatives aux services propos\u00e9s par l&#039;entreprise.&nbsp;<em><strong>Droit de l&#039;utilisateur de demander ces donn\u00e9es et de les annuler.&nbsp;<\/strong><\/em>L&#039;utilisateur peut exercer ses droits d&#039;acc\u00e8s, de rectification, annulation et opposition, en \u00e9crivant \u00e0 SAIL EXPERIENCE HOLIDAY SL, Responsable du Fichier, situ\u00e9 \u00e0 Avda Monast\u00e8re de Silos 53 Portal G 4A, 28049 Madrid, ou \u00e0 l&#039;adresse e-mail INFO@ SAILEXPERIENCEBCN .COM.&nbsp;&nbsp;<\/p>\n\n\n\n<ul class=\"wp-block-list\"><li><strong>Utilisation de cookies<\/strong><\/li><\/ul>\n\n\n\n<p><em><strong>Ce site Web utilise des cookies pour effectuer une analyse automatis\u00e9e des processus avec Google Analytics.<\/strong>&nbsp;<\/em>Les cookies sont uniquement associ\u00e9s au navigateur d&#039;un ordinateur sp\u00e9cifique et ne fournissent en eux-m\u00eames aucune donn\u00e9e personnelle de l&#039;utilisateur. L&#039;utilisateur peut configurer son navigateur pour \u00eatre averti sur l&#039;\u00e9cran de la r\u00e9ception de cookies et pour emp\u00eacher l&#039;installation de cookies sur son disque dur, bien que s&#039;il choisit de d\u00e9sactiver l&#039;utilisation de cookies, le fonctionnement de ce site Web puisse \u00eatre affect\u00e9. Consultez les instructions et les manuels de votre navigateur pour plus d&#039;informations. &nbsp;<\/p>\n\n\n\n<ul class=\"wp-block-list\"><li><strong>R\u00e9seaux sociaux<\/strong><\/li><\/ul>\n\n\n\n<p>Gr\u00e2ce \u00e0 notre site Web, vous pouvez acc\u00e9der aux r\u00e9seaux sociaux Facebook, Twitter ou YouTube en libre acc\u00e8s \u00e0 tous les utilisateurs. Il s&#039;agit de sites Web sur lesquels l&#039;utilisateur peut s&#039;inscrire et nous suivre gratuitement. Dans ces r\u00e9seaux sociaux, les utilisateurs pourront conna\u00eetre nos activit\u00e9s, nos opinions et acc\u00e9der \u00e0 des photos et des vid\u00e9os. Les utilisateurs de ces r\u00e9seaux sociaux doivent \u00eatre conscients que ce lieu est ind\u00e9pendant du site https:\/\/anclademia.com et est ouvert, c&#039;est-\u00e0-dire qu&#039;il est visible par tous ses utilisateurs, et les politiques de confidentialit\u00e9 \u00e0 appliquer \u00e0 ce contenu sont celles affich\u00e9es. par Facebook, Twitter ou YouTube. SAIL EXPERIENCE HOLIDAY SL n\u2019est pas propri\u00e9taire de ces r\u00e9seaux sociaux. &nbsp; &nbsp; &nbsp;<\/p>\n\n\n\n<ul class=\"wp-block-list\"><li><strong>Droits de l&#039;utilisateur<\/strong><\/li><\/ul>\n\n\n\n<ol class=\"wp-block-list\"><li><strong>Droit d\u2019acc\u00e8s aux informations sur vos donn\u00e9es<\/strong><\/li><\/ol>\n\n\n\n<p>\u00c0 votre demande, nous vous fournirons des informations sur les donn\u00e9es que nous d\u00e9tenons \u00e0 votre sujet.<\/p>\n\n\n\n<ol class=\"wp-block-list\" start=\"2\"><li><strong>Droit de rectification de vos donn\u00e9es<\/strong><\/li><\/ol>\n\n\n\n<p>Lorsque vous nous en informerez, nous corrigerons toute donn\u00e9e personnelle inexacte vous concernant. Si vous nous le demandez, nous compl\u00e9terons les donn\u00e9es personnelles incompl\u00e8tes, \u00e0 condition que cela soit n\u00e9cessaire aux fins pr\u00e9vues du traitement de vos donn\u00e9es.<\/p>\n\n\n\n<ol class=\"wp-block-list\" start=\"3\"><li><strong>Droit de supprimer vos donn\u00e9es<\/strong><\/li><\/ol>\n\n\n\n<p>\u00c0 votre demande, nous supprimerons les donn\u00e9es que nous d\u00e9tenons \u00e0 votre sujet. Toutefois, certaines donn\u00e9es ne seront supprim\u00e9es qu&#039;apr\u00e8s une certaine p\u00e9riode de conservation, par exemple lorsqu&#039;elles doivent \u00eatre conserv\u00e9es pour le respect d&#039;une obligation l\u00e9gale ou parce que nous avons besoin de ces donn\u00e9es pour remplir des obligations contractuelles envers vous.<\/p>\n\n\n\n<ol class=\"wp-block-list\" start=\"4\"><li><strong>Droit de bloquer vos donn\u00e9es<\/strong><\/li><\/ol>\n\n\n\n<p>Dans les cas o\u00f9 la l\u00e9gislation autorise la limitation du traitement de vos donn\u00e9es, celles-ci seront bloqu\u00e9es.<\/p>\n\n\n\n<ol class=\"wp-block-list\" start=\"5\"><li><strong>Droit de retirer votre consentement<\/strong><\/li><\/ol>\n\n\n\n<p>\u00c0 tout moment, vous pouvez retirer le consentement donn\u00e9 pour le traitement de vos donn\u00e9es, avec effet \u00e0 partir de ce moment. Cela n\u2019affectera pas la lic\u00e9it\u00e9 du traitement effectu\u00e9 jusque-l\u00e0.<\/p>\n\n\n\n<ol class=\"wp-block-list\" start=\"6\"><li><strong>Droit d&#039;opposition au traitement de vos donn\u00e9es<\/strong><\/li><\/ol>\n\n\n\n<p>Vous aurez le droit de vous opposer \u00e0 tout moment au traitement de vos donn\u00e9es personnelles sur la base des dispositions de l&#039;article 6, paragraphe 1, lettres e) et f) du r\u00e8glement (UE) 2016\/679. Si vous vous y opposez, nous cesserons de traiter les donn\u00e9es personnelles, \u00e0 condition qu&#039;il n&#039;existe aucune raison l\u00e9gitime et imp\u00e9rieuse de poursuivre le traitement. Pour nous, le traitement de vos donn\u00e9es \u00e0 des fins de marketing direct ne constituera jamais une raison l\u00e9gitime et imp\u00e9rieuse.<\/p>\n\n\n\n<ol class=\"wp-block-list\" start=\"7\"><li><strong>Droit \u00e0 la portabilit\u00e9<\/strong><\/li><\/ol>\n\n\n\n<p>Si vous en faites la demande, nous mettrons vos donn\u00e9es personnelles \u00e0 votre disposition dans un format structur\u00e9, couramment utilis\u00e9 et lisible par machine.<\/p>\n\n\n\n<ol class=\"wp-block-list\" start=\"8\"><li><strong>Droit de porter plainte devant une autorit\u00e9 de contr\u00f4le<\/strong><\/li><\/ol>\n\n\n\n<p>Vous pouvez d\u00e9poser une plainte relative \u00e0 la protection des donn\u00e9es aupr\u00e8s de l&#039;autorit\u00e9 de contr\u00f4le comp\u00e9tente. Pour ce faire, veuillez contacter l&#039;autorit\u00e9 de protection des donn\u00e9es de votre lieu de r\u00e9sidence ou l&#039;autorit\u00e9 de protection des donn\u00e9es de notre juridiction (list\u00e9e ci-dessous).&nbsp;<strong>Agence espagnole de protection des donn\u00e9es (AEPD)<\/strong>&nbsp;<a href=\"https:\/\/www.agpd.es\/\" target=\"_blank\" rel=\"noopener\">www.agpd.es&nbsp;<\/a><\/p>\n\n\n\n<ol class=\"wp-block-list\" start=\"9\"><li><strong>Coordonn\u00e9es pour toute question relative \u00e0 la protection des donn\u00e9es<\/strong><\/li><\/ol>\n\n\n\n<p>Si vous avez des questions concernant la protection des donn\u00e9es ou l&#039;exercice de vos droits, vous pouvez contacter directement notre d\u00e9l\u00e9gu\u00e9 \u00e0 la protection des donn\u00e9es : SAIL EXPERIENCE HOLIDAY SL, Avda Monast\u00e8re de Silos 53 portail G 4A, 28049 Madrid et INFO@SAILEXPERIENCEBCN .COM<\/p>\n\n\n\n<ol class=\"wp-block-list\" start=\"10\"><li><strong>Modifications apport\u00e9es \u00e0 ces informations sur la protection des donn\u00e9es<\/strong><\/li><\/ol>\n\n\n\n<p>Ces informations sur la protection des donn\u00e9es refl\u00e8tent la mani\u00e8re actuelle de traiter les donn\u00e9es sur notre site Web. En cas de modification du traitement des donn\u00e9es, ces informations sur la protection des donn\u00e9es seront mises \u00e0 jour le cas \u00e9ch\u00e9ant. Sur notre site Web, nous proposons toujours une version mise \u00e0 jour de ces informations sur la protection des donn\u00e9es afin que vous connaissiez l&#039;\u00e9tendue du traitement des donn\u00e9es sur notre site Web. \u00a0<\/p>","protected":false},"excerpt":{"rendered":"<p>SAIL EXPERIENCE HOLIDAY SL traitera les donn\u00e9es de l&#039;utilisateur, y compris les informations fournies dans les formulaires et lors du processus d&#039;achat de tout produit, dans un fichier respectant toutes les mesures de s\u00e9curit\u00e9 requises par le RGPD. SAIL EXPERIENCE HOLIDAY SL\u2026 <a title=\"Politique de confidentialit\u00e9 et de cookies\" class=\"read-more\" href=\"https:\/\/anclademia.com\/fr\/privacy-policy\/\" aria-label=\"Apprenez-en davantage sur notre politique de confidentialit\u00e9 et de cookies\">Lire la suite<\/a><\/p>","protected":false},"author":1,"featured_media":0,"parent":0,"menu_order":0,"comment_status":"closed","ping_status":"open","template":"","meta":{"footnotes":""},"class_list":["post-3","page","type-page","status-publish"],"jetpack_sharing_enabled":true,"_links":{"self":[{"href":"https:\/\/anclademia.com\/fr\/wp-json\/wp\/v2\/pages\/3","targetHints":{"allow":["GET"]}}],"collection":[{"href":"https:\/\/anclademia.com\/fr\/wp-json\/wp\/v2\/pages"}],"about":[{"href":"https:\/\/anclademia.com\/fr\/wp-json\/wp\/v2\/types\/page"}],"author":[{"embeddable":true,"href":"https:\/\/anclademia.com\/fr\/wp-json\/wp\/v2\/users\/1"}],"replies":[{"embeddable":true,"href":"https:\/\/anclademia.com\/fr\/wp-json\/wp\/v2\/comments?post=3"}],"version-history":[{"count":0,"href":"https:\/\/anclademia.com\/fr\/wp-json\/wp\/v2\/pages\/3\/revisions"}],"wp:attachment":[{"href":"https:\/\/anclademia.com\/fr\/wp-json\/wp\/v2\/media?parent=3"}],"curies":[{"name":"wp","href":"https:\/\/api.w.org\/{rel}","templated":true}]}}