{"id":7,"date":"2021-11-28T12:55:36","date_gmt":"2021-11-28T11:55:36","guid":{"rendered":"https:\/\/anclademia.com\/terms-of-service\/"},"modified":"2024-10-25T09:07:19","modified_gmt":"2024-10-25T08:07:19","slug":"terms-of-service","status":"publish","type":"page","link":"https:\/\/anclademia.com\/ca\/terms-of-service\/","title":{"rendered":"Termes i condicions"},"content":{"rendered":"<p><strong>1. Titularitat de la p\u00e0gina web<\/strong>&nbsp;La presenta p\u00e0gina web \u00e9s propietat de&nbsp;<strong><em>SAIL EXPERIENCE HOLIDAY SL<\/em><\/strong>, domicili social a Avda monestir de sitges 53 portal G 4A, 28049 madrid, B87671889, adre\u00e7a de correu electr\u00f2nic INFO@SAILEXPERIENCEBCN.COM, inscrita al tom 35219, foli 24, secci\u00f3 8, full 633291. cursos esportius i activitats.<\/p>\n\n\n\n<p><strong>2. Propietat intel\u00b7lectual de la web<\/strong>&nbsp;Tots els drets de propietat intel\u00b7lectual del contingut d&#039;aquesta p\u00e0gina web i el seu disseny gr\u00e0fic s\u00f3n propietat exclusiva de SAIL EXPERIENCE HOLIDAY SL i \u00e9s a qui correspon l&#039;exercici exclusiu dels drets d&#039;explotaci\u00f3 dels mateixos. Aix\u00ed, queda prohibida la seva reproducci\u00f3, distribuci\u00f3, comunicaci\u00f3 p\u00fablica i modificaci\u00f3, total o parcial, sense pr\u00e8via autoritzaci\u00f3 expressa de SAIL EXPERIENCE HOLIDAY SL De la mateixa manera, tots els signes distintius, marques, noms comercials o signes de qualsevol classe continguts en aquesta p\u00e0gina web estan protegits per llei.<\/p>\n\n\n\n<p><strong>3. Contingut de la web i enlla\u00e7os<\/strong>&nbsp;SAIL EXPERIENCE HOLIDAY SL. no es responsabilitza del mal \u00fas que es realitzi dels continguts de la seva p\u00e0gina web, sent responsabilitat exclusiva de la persona que hi accedeix o els utilitza. Tampoc assumeix cap responsabilitat per la informaci\u00f3 continguda a les p\u00e0gines web de tercers. La pres\u00e8ncia daquests enlla\u00e7os t\u00e9 una finalitat informativa, i no constitueixen en cap cas una invitaci\u00f3 a la contractaci\u00f3 de productes o serveis que es puguin oferir a la p\u00e0gina web de destinaci\u00f3. En cas que SAIL EXPERIENCE HOLIDAY SL tingu\u00e9s coneixement efectiu que l&#039;activitat o la informaci\u00f3 a qu\u00e8 remeten aquests enlla\u00e7os \u00e9s il\u00b7l\u00edcita, constitutiva de delicte o que pot lesionar b\u00e9ns o drets de tercers susceptibles d&#039;indemnitzaci\u00f3, actuar\u00e0 amb la dilig\u00e8ncia necess\u00e0ria per a suprimir o inutilitzar l&#039;enlla\u00e7 corresponent al m\u00e9s aviat possible.<\/p>\n\n\n\n<p><strong>4. Actualitzaci\u00f3 i modificaci\u00f3 de la p\u00e0gina web<\/strong>&nbsp;SAIL EXPERIENCE HOLIDAY SL es reserva el dret d&#039;actualitzar, modificar o eliminar la informaci\u00f3 continguda a la seva p\u00e0gina web i la seva configuraci\u00f3 o presentaci\u00f3, en qualsevol moment, sense av\u00eds previ i sense assumir cap tipus de responsabilitat per fer-ho.<\/p>\n\n\n\n<p><strong>5. Indicacions sobre aspectes t\u00e8cnics<\/strong>&nbsp;SAIL EXPERIENCE HOLIDAY SL no assumeix cap responsabilitat derivada de problemes t\u00e8cnics o errors en els equips inform\u00e0tics, que es produeixin durant la connexi\u00f3 a Internet, o que puguin ser originats per terceres persones a trav\u00e9s d&#039;intromissions il\u00b7leg\u00edtimes fora del seu control. Des de SAIL EXPERIENCE HOLIDAY SL no es garanteix l&#039;abs\u00e8ncia de virus i altres elements que puguin causar danys als sistemes inform\u00e0tics o als documents electr\u00f2nics d&#039;aquesta p\u00e0gina web o de p\u00e0gines web de tercers, i no es responsabilitza dels danys i perjudicis que es puguin arribar a produir per aquests motius. De la mateixa manera, no es responsabilitza davant de possibles danys i perjudicis que puguin afectar l&#039;usuari com a conseq\u00fc\u00e8ncia d&#039;errors, defectes o omissions en la informaci\u00f3 que facilita quan procedeix de terceres fonts.<\/p>\n\n\n\n<p><strong>6. Legislaci\u00f3 i jurisdicci\u00f3 aplicable<\/strong>&nbsp;Ambdues parts se sotmeten als jutjats i tribunals que corresponguin sobre la base de la legislaci\u00f3 que sigui aplicable, per tractar les diverg\u00e8ncies derivades de la interpretaci\u00f3 i aplicaci\u00f3 del present contracte. Podeu llegir en aquestes dues altres p\u00e0gines la nostra&nbsp;<strong><a href=\"https:\/\/anclademia.com\/ca\/politica-privacidad-y-cookies\/\">pol\u00edtica de privadesa i cookies<\/a>&nbsp;<\/strong>i la nostra&nbsp;<a href=\"https:\/\/anclademia.com\/ca\/reembolso_devoluciones\/\"><strong>pol\u00edtica de devolucions<\/strong><\/a>. L&#039;usuari en podr\u00e0 utilitzar una&nbsp;<strong>full de reclamaci\u00f3<\/strong>&nbsp;facilitada per la Generalitat de Catalunya.<\/p>","protected":false},"excerpt":{"rendered":"<p>1. Titularitat de la p\u00e0gina web La present p\u00e0gina web \u00e9s propietat de SAIL EXPERIENCE HOLIDAY SL, domicili social a l&#039;av. monestir de sitges 53 portal G 4A, 28049 madrid, B87671889, adre\u00e7a de correu electr\u00f2nic 633291. Aquesta p\u00e0gina web cont\u00e9 informaci\u00f3 comercial de cursos esportius i activitats. 2. Propietat \u2026 <a title=\"Termes i condicions\" class=\"read-more\" href=\"https:\/\/anclademia.com\/ca\/terms-of-service\/\" aria-label=\"M\u00e9s informaci\u00f3 sobre Termes i condicions\">Llegiu m\u00e9s<\/a><\/p>","protected":false},"author":1,"featured_media":0,"parent":0,"menu_order":0,"comment_status":"closed","ping_status":"closed","template":"","meta":{"footnotes":""},"class_list":["post-7","page","type-page","status-publish"],"jetpack_sharing_enabled":true,"_links":{"self":[{"href":"https:\/\/anclademia.com\/ca\/wp-json\/wp\/v2\/pages\/7","targetHints":{"allow":["GET"]}}],"collection":[{"href":"https:\/\/anclademia.com\/ca\/wp-json\/wp\/v2\/pages"}],"about":[{"href":"https:\/\/anclademia.com\/ca\/wp-json\/wp\/v2\/types\/page"}],"author":[{"embeddable":true,"href":"https:\/\/anclademia.com\/ca\/wp-json\/wp\/v2\/users\/1"}],"replies":[{"embeddable":true,"href":"https:\/\/anclademia.com\/ca\/wp-json\/wp\/v2\/comments?post=7"}],"version-history":[{"count":0,"href":"https:\/\/anclademia.com\/ca\/wp-json\/wp\/v2\/pages\/7\/revisions"}],"wp:attachment":[{"href":"https:\/\/anclademia.com\/ca\/wp-json\/wp\/v2\/media?parent=7"}],"curies":[{"name":"wp","href":"https:\/\/api.w.org\/{rel}","templated":true}]}}