{"id":3,"date":"2021-11-28T11:51:30","date_gmt":"2021-11-28T11:51:30","guid":{"rendered":"https:\/\/anclademia.com\/?page_id=3"},"modified":"2024-10-25T09:07:28","modified_gmt":"2024-10-25T08:07:28","slug":"privacy-policy","status":"publish","type":"page","link":"https:\/\/anclademia.com\/ca\/privacy-policy\/","title":{"rendered":"Pol\u00edtica de privadesa i cookies"},"content":{"rendered":"<ul class=\"wp-block-list\"><li><strong>Tractament de dades de l&#039;usuari<\/strong><\/li><\/ul>\n\n\n\n<p><em><strong>SAIL EXPERIENCE HOLIDAY SL inclouran les dades facilitades per l&#039;usuari en formularis i durant el proc\u00e9s de compra de qualsevol producte en un fitxer<\/strong><\/em>&nbsp;que comptar\u00e0 amb totes les mesures de seguretat necess\u00e0ries i exigides per la normativa vigent en mat\u00e8ria de protecci\u00f3 de dades RGDP. SAIL EXPERIENCE HOLIDAY SL no cediran ni comunicar\u00e0 a tercers les dades demanades sense previ consentiment expr\u00e9s de l&#039;usuari. En cas que aquestes dades puguin ser robades o la web tingui una fallada de seguretat per considerar que aix\u00f2 ha passat, SAIL EXPERIENCE HOLIDAY SL es comprometen a notificar a l&#039;alumne en un termini de 72h perqu\u00e8 decideixi si vol retirar les dades del nostre fitxer.&nbsp;<em><strong>Les dades que recull la web s\u00f3n relatives a la informaci\u00f3 necess\u00e0ria per a la matriculaci\u00f3<\/strong><\/em><em><strong>i expedici\u00f3 de t\u00edtols n\u00e0utics.&nbsp;<\/strong><\/em>En concret, nom\u00e9s es recullen dades relatives a la identificaci\u00f3 de l&#039;alumne (noms, cognoms, adreces i n\u00fameros de documentaci\u00f3 d&#039;identitat a la p\u00e0gina \u00abFinalitzar comanda\u00bb del proc\u00e9s de compra) i dades de prefer\u00e8ncia de cursos i altres activitats en aquesta mateixa p\u00e0gina i als formularis que es troben a totes les p\u00e0gines de la web. Els usuaris menors de 16 anys nom\u00e9s han de proporcionar les dades amb el consentiment dels pares o tutors legals. La nostra p\u00e0gina web pot contenir enlla\u00e7os a altres p\u00e0gines. No som responsables del tractament de les vostres dades en aquestes p\u00e0gines de tercers o en el compliment d&#039;aquestes amb les disposicions sobre protecci\u00f3 de dades. Si us plau, tingueu en compte la Informaci\u00f3 sobre Protecci\u00f3 de Dades que proporcionin.&nbsp;<strong><em>Les dades que recull la web seran guardades de manera indefinida per a finalitats informatives i comercials nom\u00e9s per als productes i serveis n\u00e0utics de l&#039;empresa.<\/em>&nbsp;<\/strong>En concret, \u00e9s imprescindible guardar les dades personals per poder notificar a l&#039;usuari de l&#039;estat actual a la seva traject\u00f2ria acad\u00e8mica, canvis de normativa, nous serveis de n\u00e0utica i altres not\u00edcies que siguin del seu inter\u00e8s com a titulat o usuari n\u00e0utic. Quan l&#039;usuari facilita les vostres dades a trav\u00e9s de la nostra adre\u00e7a de correu electr\u00f2nic o formulari de contacte, autoritzeu expressament SAIL EXPERIENCE HOLIDAY SL a la conservaci\u00f3 indefinida i al tractament de les vostres dades personals amb la finalitat d&#039;atendre les vostres peticions de servei o consultes i, en cas de subscriure&#039;s als nostres butlletins, a enviar informaci\u00f3 relacionada amb els serveis oferts per l&#039;empresa.&nbsp;<em><strong>Dret de l&#039;usuari a sol\u00b7licitar aquestes dades i cancel\u00b7lar-les.&nbsp;<\/strong><\/em>L&#039;usuari podr\u00e0 exercitar els seus drets d&#039;acc\u00e9s, rectificaci\u00f3, cancel\u00b7laci\u00f3 i oposici\u00f3, adre\u00e7ant-se per escrit a SAIL EXPERIENCE HOLIDAY SL, Responsables del Fitxer, ubicat a Avda monestir de sitges 53 portal G 4A, 28049 madrid, oa l&#039;adre\u00e7a de correu electr\u00f2nic INFO@ SAILEXPERIENCEBCN.COM.&nbsp;&nbsp;<\/p>\n\n\n\n<ul class=\"wp-block-list\"><li><strong>\u00das de cookies<\/strong><\/li><\/ul>\n\n\n\n<p><em><strong>Aquesta p\u00e0gina web utilitza cookies per fer an\u00e0lisis de processos automatitzats amb Google Analytics.<\/strong>&nbsp;<\/em>Les galetes s&#039;associen \u00fanicament amb el navegador d&#039;un ordinador determinat i no proporcionen per elles mateixes cap dada personal de l&#039;usuari. L&#039;Usuari pot configurar el vostre navegador per ser avisat en pantalla de la recepci\u00f3 de cookies i per impedir la instal\u00b7laci\u00f3 de cookies al vostre disc dur, encara que si opta per desactivar l&#039;\u00fas de les cookies \u00e9s possible que es vegi afectat el funcionament d&#039;aquesta p\u00e0gina web . Consulteu les instruccions i manuals del vostre navegador per ampliar aquesta informaci\u00f3. &nbsp;<\/p>\n\n\n\n<ul class=\"wp-block-list\"><li><strong>Xarxes Socials<\/strong><\/li><\/ul>\n\n\n\n<p>A trav\u00e9s de la nostra p\u00e0gina web podeu accedir a les xarxes socials Facebook, Twitter o Youtube d&#039;acc\u00e9s obert a tots els usuaris. Es tracta de llocs web on l&#039;usuari es pot registrar i seguir gratu\u00eftament. En aquestes xarxes socials els usuaris podran con\u00e8ixer les nostres activitats, opinions, accedir a les fotos i v\u00eddeos. Els usuaris d&#039;aquestes xarxes socials han de ser conscients que aquest lloc \u00e9s independent de la web https:\/\/anclademia.com i est\u00e0 obert, \u00e9s a dir, \u00e9s visible per a tots els usuaris, i les pol\u00edtiques de privadesa a aplicar a aquests continguts s\u00f3n les fixades per Facebook, Twitter o Youtube. SAIL EXPERIENCE HOLIDAY SL no s\u00f3n titulars de les xarxes socials esmentades. &nbsp; &nbsp; &nbsp;<\/p>\n\n\n\n<ul class=\"wp-block-list\"><li><strong>Drets de l&#039;usuari<\/strong><\/li><\/ul>\n\n\n\n<ol class=\"wp-block-list\"><li><strong>Dret d&#039;acc\u00e9s a la informaci\u00f3 sobre les vostres dades<\/strong><\/li><\/ol>\n\n\n\n<p>Quan ho sol\u00b7liciti, li proporcionarem informaci\u00f3 sobre les dades que posse\u00efm sobre vost\u00e8.<\/p>\n\n\n\n<ol class=\"wp-block-list\" start=\"2\"><li><strong>Dret de rectificaci\u00f3 de les vostres dades<\/strong><\/li><\/ol>\n\n\n\n<p>Quan ens ho notifiqui, corregirem qualsevol dada personal inexacta que li concerneixi. Si ens ho demana, completarem les dades personals que siguin incompletes, sempre que siguin necess\u00e0ries per a la finalitat prevista per al tractament de les seves dades.<\/p>\n\n\n\n<ol class=\"wp-block-list\" start=\"3\"><li><strong>Dret de supressi\u00f3 de les vostres dades<\/strong><\/li><\/ol>\n\n\n\n<p>Quan ho sol\u00b7liciti, suprimirem les dades que posse\u00efm sobre vost\u00e8. No obstant aix\u00f2, algunes dades \u00fanicament se suprimiran despr\u00e9s d&#039;un determinat per\u00edode de conservaci\u00f3, per exemple, quan s&#039;hagin de conservar per complir una obligaci\u00f3 legal, o perqu\u00e8 necessitem les dades per complir obligacions contractuals davant vostre.<\/p>\n\n\n\n<ol class=\"wp-block-list\" start=\"4\"><li><strong>Dret al bloqueig de les vostres dades<\/strong><\/li><\/ol>\n\n\n\n<p>En aquells casos en qu\u00e8 la legislaci\u00f3 permet la limitaci\u00f3 en el tractament de les vostres dades, aquestes seran bloquejades.<\/p>\n\n\n\n<ol class=\"wp-block-list\" start=\"5\"><li><strong>Dret a retirar el vostre consentiment<\/strong><\/li><\/ol>\n\n\n\n<p>En qualsevol moment, podeu retirar el consentiment donat per al tractament de les vostres dades, tenint efectes a partir d&#039;aquest moment. Aix\u00f2 no afectar\u00e0 la legalitat del tractament realitzat fins aleshores.<\/p>\n\n\n\n<ol class=\"wp-block-list\" start=\"6\"><li><strong>Dret d&#039;oposici\u00f3 al tractament de les vostres dades<\/strong><\/li><\/ol>\n\n\n\n<p>Teniu dret a oposar-vos en qualsevol moment que les vostres dades personals siguin objecte d&#039;un tractament basat en el que disposa l&#039;article 6, apartat 1, lletres e) if) del Reglament (UE) 2016\/679. En cas que s&#039;hi oposi, deixarem de tractar les dades personals, sempre que no hi hagi motius leg\u00edtims imperiosos per continuar amb el tractament. Per a nosaltres, el tractament de les seves dades amb fins de m\u00e0rqueting directe mai no constituir\u00e0 un motiu leg\u00edtim imperi\u00f3s.<\/p>\n\n\n\n<ol class=\"wp-block-list\" start=\"7\"><li><strong>Dret a la portabilitat<\/strong><\/li><\/ol>\n\n\n\n<p>Si ho demaneu, posarem a la vostra disposici\u00f3 les dades personals que us incumbeixin en un format estructurat, d&#039;\u00fas com\u00fa i lectura mec\u00e0nica.<\/p>\n\n\n\n<ol class=\"wp-block-list\" start=\"8\"><li><strong>Dret a reclamar davant d&#039;una autoritat de control<\/strong><\/li><\/ol>\n\n\n\n<p>Podeu presentar una reclamaci\u00f3 sobre protecci\u00f3 de dades davant l&#039;autoritat de control competent. Per fer-ho, contacteu amb l&#039;autoritat responsable de la protecci\u00f3 de dades del vostre lloc de resid\u00e8ncia o amb l&#039;autoritat de protecci\u00f3 de dades de la nostra jurisdicci\u00f3 (citada a continuaci\u00f3).&nbsp;<strong>Ag\u00e8ncia Espanyola de Protecci\u00f3 de Dades (AEPD)<\/strong>&nbsp;<a href=\"https:\/\/www.agpd.es\/\" target=\"_blank\" rel=\"noopener\">www.agpd.es&nbsp;<\/a><\/p>\n\n\n\n<ol class=\"wp-block-list\" start=\"9\"><li><strong>Informaci\u00f3 de contacte per a qualsevol q\u00fcesti\u00f3 sobre protecci\u00f3 de dades<\/strong><\/li><\/ol>\n\n\n\n<p>Si teniu algun dubte relatiu a la protecci\u00f3 de dades oa l&#039;exercici dels vostres drets, podeu posar-vos en contacte directament amb el nostre Delegat de Protecci\u00f3 de Dades: SAIL EXPERIENCE HOLIDAY SL, Av. monestir de sitges 53 portal G 4A, 28049 madrid i INFO@SAILEXPERIENCEBCN .COM<\/p>\n\n\n\n<ol class=\"wp-block-list\" start=\"10\"><li><strong>Canvis en aquesta informaci\u00f3 sobre protecci\u00f3 de dades<\/strong><\/li><\/ol>\n\n\n\n<p>Aquesta informaci\u00f3 sobre protecci\u00f3 de dades reflecteix la forma actual de tractament de dades a la nostra p\u00e0gina web. En cas de donar-se algun canvi en el tractament de dades, aquesta informaci\u00f3 sobre protecci\u00f3 de dades s&#039;actualitzar\u00e0 segons escaigui. A la nostra p\u00e0gina web sempre oferim una versi\u00f3 actualitzada d&#039;aquesta Informaci\u00f3 sobre Protecci\u00f3 de Dades perqu\u00e8 conegueu l&#039;abast del tractament de dades de la nostra web. \u00a0<\/p>","protected":false},"excerpt":{"rendered":"<p>Tractament de dades de l&#039;usuari SAIL EXPERIENCE HOLIDAY SL inclouran les dades facilitades per l&#039;usuari en formularis i durant el proc\u00e9s de compra de qualsevol producte en un fitxer que comptar\u00e0 amb totes les mesures de seguretat necess\u00e0ries i exigides per la normativa vigent en mat\u00e8ria de protecci\u00f3 de dades RGDP. SAIL EXPERIENCE HOLIDAY SL \u2026 <a title=\"Pol\u00edtica de privadesa i cookies\" class=\"read-more\" href=\"https:\/\/anclademia.com\/ca\/privacy-policy\/\" aria-label=\"M\u00e9s informaci\u00f3 sobre Pol\u00edtica de privadesa i cookies\">Llegiu m\u00e9s<\/a><\/p>","protected":false},"author":1,"featured_media":0,"parent":0,"menu_order":0,"comment_status":"closed","ping_status":"open","template":"","meta":{"footnotes":""},"class_list":["post-3","page","type-page","status-publish"],"jetpack_sharing_enabled":true,"_links":{"self":[{"href":"https:\/\/anclademia.com\/ca\/wp-json\/wp\/v2\/pages\/3","targetHints":{"allow":["GET"]}}],"collection":[{"href":"https:\/\/anclademia.com\/ca\/wp-json\/wp\/v2\/pages"}],"about":[{"href":"https:\/\/anclademia.com\/ca\/wp-json\/wp\/v2\/types\/page"}],"author":[{"embeddable":true,"href":"https:\/\/anclademia.com\/ca\/wp-json\/wp\/v2\/users\/1"}],"replies":[{"embeddable":true,"href":"https:\/\/anclademia.com\/ca\/wp-json\/wp\/v2\/comments?post=3"}],"version-history":[{"count":0,"href":"https:\/\/anclademia.com\/ca\/wp-json\/wp\/v2\/pages\/3\/revisions"}],"wp:attachment":[{"href":"https:\/\/anclademia.com\/ca\/wp-json\/wp\/v2\/media?parent=3"}],"curies":[{"name":"wp","href":"https:\/\/api.w.org\/{rel}","templated":true}]}}